{"id":15,"date":"2025-06-10T06:08:24","date_gmt":"2025-06-10T06:08:24","guid":{"rendered":"https:\/\/www.haste-toene-dinslaken.de\/?page_id=15"},"modified":"2025-12-20T14:07:16","modified_gmt":"2025-12-20T13:07:16","slug":"zusammen-singen-wir-staerker","status":"publish","type":"page","link":"https:\/\/www.haste-toene-dinslaken.de\/","title":{"rendered":"&#8222;Zusammen singen wir st\u00e4rker\u2026&#8220;"},"content":{"rendered":"<div class=\"wp-block-image\">\n<figure class=\"alignright size-full is-resized\"><img loading=\"lazy\" decoding=\"async\" width=\"314\" height=\"312\" src=\"https:\/\/www.haste-toene-dinslaken.de\/wp-content\/uploads\/2025\/06\/button_tp.png\" alt=\"\" class=\"wp-image-25\" style=\"width:232px;height:auto\" srcset=\"https:\/\/www.haste-toene-dinslaken.de\/wp-content\/uploads\/2025\/06\/button_tp.png 314w, https:\/\/www.haste-toene-dinslaken.de\/wp-content\/uploads\/2025\/06\/button_tp-300x298.png 300w, https:\/\/www.haste-toene-dinslaken.de\/wp-content\/uploads\/2025\/06\/button_tp-150x150.png 150w, https:\/\/www.haste-toene-dinslaken.de\/wp-content\/uploads\/2025\/06\/button_tp-302x300.png 302w\" sizes=\"auto, (max-width: 314px) 100vw, 314px\" \/><\/figure>\n<\/div>\n\n\n<p>\u2026 gerad\u00b4 weil wir verschieden sind!<\/p>\n\n\n\n<p>Besser als diese Textzeile aus dem gleichnamigen Lied der deutschen Chorjugend kann man uns nicht beschreiben.<\/p>\n\n\n\n<p>Wir, das sind rund 40 S\u00e4ngerinnen und S\u00e4nger jeder Altersstufe von Sopran \u00fcber Alt, Tenor bis zum Bass die Eines vereint: der Spass am Singen!<\/p>\n\n\n\n<p>Dabei haben wir durchaus Anspruchsvolles zu bieten, denn unser Repertoire zieht sich von klassischem Folk bis zum Pop und Modernem. Daf\u00fcr \u00fcben wir gemeinsam einmal pro Woche Montags Abends, aber auch regelm\u00e4\u00dfig zu Workshops oder Wochenenden. Jeder so wie er kann und mag.<\/p>\n\n\n\n<p>Aber nat\u00fcrlich nicht f\u00fcr uns alleine! Wir zeigen unser K\u00f6nnen gern auf Veranstaltungen in der Umgebung, traditionell ist unser Jahreskonzert einmal im Jahr.<\/p>\n\n\n\n<p>Die Leitung unseres Chores hat seit 1. September 2019 Sabine Juchem \u00fcbernommen.<\/p>\n\n\n\n<p><strong>Lust darauf mitzumachen?<\/strong><\/p>\n\n\n\n<p>Wir freuen uns immer \u00fcber motivierte Mits\u00e4ngerinnen und S\u00e4nger, <strong>vor allem der Bass ben\u00f6tigt dringend Verst\u00e4rkung<\/strong>.<\/p>\n\n\n\n<p>Kontakt zu uns gern \u00fcber unser Kontaktformular!<\/p>\n\n\n\n<hr class=\"wp-block-separator has-alpha-channel-opacity\"\/>\n\n\n\n<p><\/p>\n","protected":false},"excerpt":{"rendered":"<p>\u2026 gerad\u00b4 weil wir verschieden sind! Besser als diese Textzeile aus dem gleichnamigen Lied der deutschen Chorjugend kann man uns nicht beschreiben. Wir, das sind rund 40 S\u00e4ngerinnen und S\u00e4nger jeder Altersstufe von Sopran \u00fcber Alt, Tenor bis zum Bass &hellip; <a href=\"https:\/\/www.haste-toene-dinslaken.de\/\">Weiterlesen <span class=\"meta-nav\">&rarr;<\/span><\/a><\/p>\n","protected":false},"author":1,"featured_media":0,"parent":0,"menu_order":0,"comment_status":"closed","ping_status":"closed","template":"","meta":{"footnotes":""},"class_list":["post-15","page","type-page","status-publish","hentry"],"jetpack_sharing_enabled":true,"_links":{"self":[{"href":"https:\/\/www.haste-toene-dinslaken.de\/index.php\/wp-json\/wp\/v2\/pages\/15","targetHints":{"allow":["GET"]}}],"collection":[{"href":"https:\/\/www.haste-toene-dinslaken.de\/index.php\/wp-json\/wp\/v2\/pages"}],"about":[{"href":"https:\/\/www.haste-toene-dinslaken.de\/index.php\/wp-json\/wp\/v2\/types\/page"}],"author":[{"embeddable":true,"href":"https:\/\/www.haste-toene-dinslaken.de\/index.php\/wp-json\/wp\/v2\/users\/1"}],"replies":[{"embeddable":true,"href":"https:\/\/www.haste-toene-dinslaken.de\/index.php\/wp-json\/wp\/v2\/comments?post=15"}],"version-history":[{"count":6,"href":"https:\/\/www.haste-toene-dinslaken.de\/index.php\/wp-json\/wp\/v2\/pages\/15\/revisions"}],"predecessor-version":[{"id":108,"href":"https:\/\/www.haste-toene-dinslaken.de\/index.php\/wp-json\/wp\/v2\/pages\/15\/revisions\/108"}],"wp:attachment":[{"href":"https:\/\/www.haste-toene-dinslaken.de\/index.php\/wp-json\/wp\/v2\/media?parent=15"}],"curies":[{"name":"wp","href":"https:\/\/api.w.org\/{rel}","templated":true}]}}